{"id":2543,"date":"2026-01-04T16:11:48","date_gmt":"2026-01-04T16:11:48","guid":{"rendered":"https:\/\/comboss.eu\/?page_id=2543"},"modified":"2026-01-09T18:41:13","modified_gmt":"2026-01-09T18:41:13","slug":"annas-maize","status":"publish","type":"page","link":"https:\/\/comboss.eu\/","title":{"rendered":"Annas  maize"},"content":{"rendered":"\n<div class=\"wp-block-group alignfull is-layout-flow wp-block-group-is-layout-flow\">\n<div class=\"wp-block-group alignfull has-global-padding is-layout-constrained wp-block-group-is-layout-constrained\" style=\"padding-top:var(--wp--preset--spacing--50);padding-bottom:var(--wp--preset--spacing--50)\">\n<div class=\"wp-block-columns alignwide is-layout-flex wp-container-core-columns-is-layout-55c14dbb wp-block-columns-is-layout-flex\" style=\"padding-top:var(--wp--preset--spacing--80);padding-bottom:var(--wp--preset--spacing--50)\">\n<div class=\"wp-block-column is-layout-flow wp-block-column-is-layout-flow\" style=\"flex-basis:50%\">\n<h2 class=\"wp-block-heading alignwide has-x-large-font-size\"><strong>Labdien!<\/strong><br>Mans v\u0101rds ir <strong>Anna M\u00f6ller<\/strong>, un \u0161aj\u0101 lap\u0101 j\u016bs varat iepaz\u012bties ar man\u0101m <strong>ierauga maizes recept\u0113m<\/strong>.<\/h2>\n\n\n\n<p>Ar ierauga maizes cep\u0161anu nodarbojos jau <strong>aptuveni divus gadus<\/strong>. Gandr\u012bz visas fotogr\u0101fijas \u0161eit redzamaj\u0101 satur\u0101 esmu uz\u0146\u0113musi pati, un ar\u012b visi teksti ir manis pa\u0161as rakst\u012bti. Katra recepte ir <strong>r\u016bp\u012bgi p\u0101rbaud\u012bta man\u0101 virtuv\u0113<\/strong>, piel\u0101gota ikdienas apst\u0101k\u013ciem un atk\u0101rtoti cepta, l\u012bdz rezult\u0101ts ir stabils un paredzams.<\/p>\n\n\n\n<p>Man\u0101 virtuv\u0113 temperat\u016bra parasti ir <strong>24\u201325 gr\u0101di<\/strong>, kas ir piem\u0113rota ierauga ferment\u0101cijai. M\u012bklu jaucu vai nu <strong>ar rok\u0101m parast\u0101 met\u0101la b\u013cod\u0101<\/strong>, vai ar\u012b izmantoju <strong>Bosch virtuves kombainu<\/strong> \u2014 atkar\u012bb\u0101 no receptes un dienas ritma.<\/p>\n\n\n\n<p>Cep\u0161anai izmantoju <strong>Dutch oven<\/strong> katlu no IKEA, k\u0101 ar\u012b <strong>vienk\u0101r\u0161u IKEA cepe\u0161kr\u0101sni<\/strong> bez papildu funkcij\u0101m. Receptes s\u0101kotn\u0113ji esmu \u0146\u0113musi no <strong>atkl\u0101tiem un br\u012bvi pieejamiem avotiem<\/strong>, ta\u010du laika gait\u0101 t\u0101s esmu <strong>piel\u0101gojusi, p\u0101rstr\u0101d\u0101jusi un uzlabojusi<\/strong>, balstoties uz savu pieredzi un rezult\u0101tiem.<\/p>\n\n\n\n<p>Ar \u0161o lapu v\u0113los par\u0101d\u012bt, ka <strong>labu ierauga maizi iesp\u0113jams izcept ar\u012b m\u0101jas apst\u0101k\u013cos<\/strong>, bez profesion\u0101las tehnikas \u2014 galvenais ir izpratne par procesu, paciet\u012bba un v\u0113lme m\u0101c\u012bties. Ceru, ka manas receptes j\u016bs iedvesmos cept, eksperiment\u0113t un atrast savu ce\u013cu ierauga maizes pasaul\u0113.<\/p>\n<\/div>\n\n\n\n<div class=\"wp-block-column is-layout-flow wp-block-column-is-layout-flow\" style=\"flex-basis:50%\">\n<div style=\"height:var(--wp--preset--spacing--20)\" aria-hidden=\"true\" class=\"wp-block-spacer\"><\/div>\n\n\n\n<figure class=\"wp-block-image size-large\"><img loading=\"lazy\" decoding=\"async\" width=\"1024\" height=\"768\" src=\"https:\/\/comboss.eu\/wp-content\/uploads\/2025\/07\/e9ccc172-6e10-42de-9fea-43926d5f2729-1024x768.jpeg\" alt=\"\u041b\u0430\u0442\u0432\u0438\u0439\u0441\u043a\u0438\u0439 \u043a\u0438\u0441\u043b\u043e\u0441\u043b\u0430\u0434\u043a\u0438\u0439 \u0445\u043b\u0435\u0431 \u043d\u0430 \u0437\u0430\u043a\u0432\u0430\u0441\u043a\u0435\" class=\"wp-image-2521\" srcset=\"https:\/\/comboss.eu\/wp-content\/uploads\/2025\/07\/e9ccc172-6e10-42de-9fea-43926d5f2729-1024x768.jpeg 1024w, https:\/\/comboss.eu\/wp-content\/uploads\/2025\/07\/e9ccc172-6e10-42de-9fea-43926d5f2729-300x225.jpeg 300w, https:\/\/comboss.eu\/wp-content\/uploads\/2025\/07\/e9ccc172-6e10-42de-9fea-43926d5f2729-768x576.jpeg 768w, https:\/\/comboss.eu\/wp-content\/uploads\/2025\/07\/e9ccc172-6e10-42de-9fea-43926d5f2729-1536x1152.jpeg 1536w, https:\/\/comboss.eu\/wp-content\/uploads\/2025\/07\/e9ccc172-6e10-42de-9fea-43926d5f2729.jpeg 1600w\" sizes=\"auto, (max-width: 1024px) 100vw, 1024px\" \/><\/figure>\n<\/div>\n<\/div>\n<\/div>\n<\/div>\n\n\n\n<div class=\"wp-block-group alignfull has-global-padding is-layout-constrained wp-block-group-is-layout-constrained\" style=\"margin-top:0;margin-bottom:0\">\n<div class=\"wp-block-group alignwide has-global-padding is-layout-constrained wp-block-group-is-layout-constrained\">\n<div class=\"wp-block-group alignwide is-layout-flow wp-block-group-is-layout-flow\">\n<p class=\"has-small-font-size\">Developed  by marijadesign.lv<\/p>\n\n\n\n<p class=\"has-small-font-size\">marija@marijadesign.lv<br><\/p>\n<\/div>\n<\/div>\n<\/div>\n","protected":false},"excerpt":{"rendered":"<p>Labdien!Mans v\u0101rds ir Anna M\u00f6ller, un \u0161aj\u0101 lap\u0101 j\u016bs varat iepaz\u012bties ar man\u0101m ierauga maizes recept\u0113m. Ar ierauga maizes cep\u0161anu nodarbojos jau aptuveni divus gadus. Gandr\u012bz visas fotogr\u0101fijas \u0161eit redzamaj\u0101 satur\u0101 esmu uz\u0146\u0113musi pati, un ar\u012b visi teksti ir manis pa\u0161as rakst\u012bti. Katra recepte ir r\u016bp\u012bgi p\u0101rbaud\u012bta man\u0101 virtuv\u0113, piel\u0101gota ikdienas apst\u0101k\u013ciem un atk\u0101rtoti cepta, [&hellip;]<\/p>\n","protected":false},"author":1,"featured_media":2016,"parent":0,"menu_order":0,"comment_status":"closed","ping_status":"closed","template":"","meta":{"iawp_total_views":21,"footnotes":""},"class_list":["post-2543","page","type-page","status-publish","has-post-thumbnail","hentry"],"_links":{"self":[{"href":"https:\/\/comboss.eu\/index.php\/wp-json\/wp\/v2\/pages\/2543","targetHints":{"allow":["GET"]}}],"collection":[{"href":"https:\/\/comboss.eu\/index.php\/wp-json\/wp\/v2\/pages"}],"about":[{"href":"https:\/\/comboss.eu\/index.php\/wp-json\/wp\/v2\/types\/page"}],"author":[{"embeddable":true,"href":"https:\/\/comboss.eu\/index.php\/wp-json\/wp\/v2\/users\/1"}],"replies":[{"embeddable":true,"href":"https:\/\/comboss.eu\/index.php\/wp-json\/wp\/v2\/comments?post=2543"}],"version-history":[{"count":11,"href":"https:\/\/comboss.eu\/index.php\/wp-json\/wp\/v2\/pages\/2543\/revisions"}],"predecessor-version":[{"id":2557,"href":"https:\/\/comboss.eu\/index.php\/wp-json\/wp\/v2\/pages\/2543\/revisions\/2557"}],"wp:featuredmedia":[{"embeddable":true,"href":"https:\/\/comboss.eu\/index.php\/wp-json\/wp\/v2\/media\/2016"}],"wp:attachment":[{"href":"https:\/\/comboss.eu\/index.php\/wp-json\/wp\/v2\/media?parent=2543"}],"curies":[{"name":"wp","href":"https:\/\/api.w.org\/{rel}","templated":true}]}}